{"id":13127,"date":"2021-01-26T10:00:00","date_gmt":"2021-01-26T09:00:00","guid":{"rendered":"https:\/\/www.holligerconsult.ch\/?page_id=13127"},"modified":"2022-02-11T14:46:58","modified_gmt":"2022-02-11T13:46:58","slug":"team","status":"publish","type":"page","link":"https:\/\/www.holligerconsult.ch\/fr\/team\/","title":{"rendered":"Des conseillers de projet enthousiastes"},"content":{"rendered":"\t\t<div data-elementor-type=\"wp-page\" data-elementor-id=\"13127\" class=\"elementor elementor-13127 elementor-11173\" data-elementor-post-type=\"page\">\n\t\t\t\t\t\t<section class=\"has_ae_slider elementor-section elementor-top-section elementor-element elementor-element-facb05c elementor-section-full_width elementor-section-height-min-height elementor-section-height-default elementor-section-items-middle ae-bg-gallery-type-default\" data-id=\"facb05c\" data-element_type=\"section\" data-e-type=\"section\" id=\"headerbalken\" data-settings=\"{&quot;background_background&quot;:&quot;classic&quot;}\">\n\t\t\t\t\t\t<div class=\"elementor-container elementor-column-gap-default\">\n\t\t\t\t\t<div class=\"has_ae_slider elementor-column elementor-col-100 elementor-top-column elementor-element elementor-element-4439649 ae-bg-gallery-type-default\" data-id=\"4439649\" data-element_type=\"column\" data-e-type=\"column\">\n\t\t\t<div class=\"elementor-widget-wrap elementor-element-populated\">\n\t\t\t\t\t\t<div class=\"elementor-element elementor-element-22344f3 elementor-widget elementor-widget-spacer\" data-id=\"22344f3\" data-element_type=\"widget\" data-e-type=\"widget\" data-widget_type=\"spacer.default\">\n\t\t\t\t\t\t\t<div class=\"elementor-spacer\">\n\t\t\t<div class=\"elementor-spacer-inner\"><\/div>\n\t\t<\/div>\n\t\t\t\t\t\t<\/div>\n\t\t\t\t<div class=\"elementor-element elementor-element-5b35215 elementor-hidden-desktop elementor-hidden-tablet elementor-hidden-mobile elementor-widget elementor-widget-heading\" data-id=\"5b35215\" data-element_type=\"widget\" data-e-type=\"widget\" data-widget_type=\"heading.default\">\n\t\t\t\t\t<h2 class=\"elementor-heading-title elementor-size-default\">avec expertise et exp\u00e9rience<\/h2>\t\t\t\t<\/div>\n\t\t\t\t<div class=\"elementor-element elementor-element-74388bf elementor-widget elementor-widget-spacer\" data-id=\"74388bf\" data-element_type=\"widget\" data-e-type=\"widget\" data-widget_type=\"spacer.default\">\n\t\t\t\t\t\t\t<div class=\"elementor-spacer\">\n\t\t\t<div class=\"elementor-spacer-inner\"><\/div>\n\t\t<\/div>\n\t\t\t\t\t\t<\/div>\n\t\t\t\t\t<\/div>\n\t\t<\/div>\n\t\t\t\t\t<\/div>\n\t\t<\/section>\n\t\t\t\t<section class=\"has_ae_slider elementor-section elementor-top-section elementor-element elementor-element-91258ec elementor-section-boxed elementor-section-height-default elementor-section-height-default ae-bg-gallery-type-default\" data-id=\"91258ec\" data-element_type=\"section\" data-e-type=\"section\">\n\t\t\t\t\t\t<div class=\"elementor-container elementor-column-gap-no\">\n\t\t\t\t\t<div class=\"has_ae_slider elementor-column elementor-col-100 elementor-top-column elementor-element elementor-element-15ef6a4 ae-bg-gallery-type-default\" data-id=\"15ef6a4\" data-element_type=\"column\" data-e-type=\"column\">\n\t\t\t<div class=\"elementor-widget-wrap elementor-element-populated\">\n\t\t\t\t\t\t<div class=\"elementor-element elementor-element-313fe16 elementor-widget elementor-widget-spacer\" data-id=\"313fe16\" data-element_type=\"widget\" data-e-type=\"widget\" data-widget_type=\"spacer.default\">\n\t\t\t\t\t\t\t<div class=\"elementor-spacer\">\n\t\t\t<div class=\"elementor-spacer-inner\"><\/div>\n\t\t<\/div>\n\t\t\t\t\t\t<\/div>\n\t\t\t\t<div class=\"elementor-element elementor-element-b5208d2 elementor-widget elementor-widget-heading\" data-id=\"b5208d2\" data-element_type=\"widget\" data-e-type=\"widget\" data-widget_type=\"heading.default\">\n\t\t\t\t\t<p class=\"elementor-heading-title elementor-size-default\">ENTREPRISE<\/p>\t\t\t\t<\/div>\n\t\t\t\t<div class=\"elementor-element elementor-element-c932369 mb-10 elementor-widget elementor-widget-heading\" data-id=\"c932369\" data-element_type=\"widget\" data-e-type=\"widget\" data-widget_type=\"heading.default\">\n\t\t\t\t\t<p class=\"elementor-heading-title elementor-size-default\">Notre \u00e9quipe<\/p>\t\t\t\t<\/div>\n\t\t\t\t<div class=\"elementor-element elementor-element-cca0af6 elementor-widget elementor-widget-heading\" data-id=\"cca0af6\" data-element_type=\"widget\" data-e-type=\"widget\" data-widget_type=\"heading.default\">\n\t\t\t\t\t<h3 class=\"elementor-heading-title elementor-size-default\">Des conseillers de projet enthousiastes - avec des connaissances sp\u00e9cialis\u00e9es et de l'exp\u00e9rience<br><br><\/h3>\t\t\t\t<\/div>\n\t\t\t\t\t<\/div>\n\t\t<\/div>\n\t\t\t\t\t<\/div>\n\t\t<\/section>\n\t\t\t\t<section class=\"has_ae_slider elementor-section elementor-top-section elementor-element elementor-element-e5686f2 elementor-section-boxed elementor-section-height-default elementor-section-height-default ae-bg-gallery-type-default\" data-id=\"e5686f2\" data-element_type=\"section\" data-e-type=\"section\">\n\t\t\t\t\t\t<div class=\"elementor-container elementor-column-gap-default\">\n\t\t\t\t\t<div class=\"has_ae_slider elementor-column elementor-col-100 elementor-top-column elementor-element elementor-element-26ec210 ae-bg-gallery-type-default\" data-id=\"26ec210\" data-element_type=\"column\" data-e-type=\"column\">\n\t\t\t<div class=\"elementor-widget-wrap elementor-element-populated\">\n\t\t\t\t\t\t<div class=\"elementor-element elementor-element-34fda31 elementor-grid-3 elementor-grid-tablet-2 elementor-grid-mobile-1 elementor-posts--thumbnail-top elementor-card-shadow-yes elementor-posts__hover-gradient elementor-widget elementor-widget-posts\" data-id=\"34fda31\" data-element_type=\"widget\" data-e-type=\"widget\" id=\"teamListing\" data-settings=\"{&quot;cards_columns&quot;:&quot;3&quot;,&quot;cards_columns_tablet&quot;:&quot;2&quot;,&quot;cards_columns_mobile&quot;:&quot;1&quot;,&quot;cards_row_gap&quot;:{&quot;unit&quot;:&quot;px&quot;,&quot;size&quot;:35,&quot;sizes&quot;:[]},&quot;cards_row_gap_tablet&quot;:{&quot;unit&quot;:&quot;px&quot;,&quot;size&quot;:&quot;&quot;,&quot;sizes&quot;:[]},&quot;cards_row_gap_mobile&quot;:{&quot;unit&quot;:&quot;px&quot;,&quot;size&quot;:&quot;&quot;,&quot;sizes&quot;:[]}}\" data-widget_type=\"posts.cards\">\n\t\t\t\t<div class=\"elementor-widget-container\">\n\t\t\t\t\t\t\t<div class=\"elementor-posts-container elementor-posts elementor-posts--skin-cards elementor-grid\" role=\"list\">\n\t\t\t\t<article class=\"elementor-post elementor-grid-item post-15209 teams type-teams status-publish format-standard has-post-thumbnail hentry teams_cat-direction\" role=\"listitem\">\n\t\t\t<div class=\"elementor-post__card\">\n\t\t\t\t<a class=\"elementor-post__thumbnail__link\" href=\"https:\/\/www.holligerconsult.ch\/fr\/teams\/daniela-di-paolantonio\/\" tabindex=\"-1\" ><div class=\"elementor-post__thumbnail\"><img fetchpriority=\"high\" decoding=\"async\" width=\"600\" height=\"400\" src=\"https:\/\/www.holligerconsult.ch\/wp-content\/uploads\/2016\/10\/srvvu02jctbh1di9x20250414070229-1024x683.jpg\" class=\"attachment-large size-large wp-image-26006\" alt=\"\" srcset=\"https:\/\/www.holligerconsult.ch\/wp-content\/uploads\/2016\/10\/srvvu02jctbh1di9x20250414070229-1024x683.jpg 1024w, https:\/\/www.holligerconsult.ch\/wp-content\/uploads\/2016\/10\/srvvu02jctbh1di9x20250414070229-300x200.jpg 300w, https:\/\/www.holligerconsult.ch\/wp-content\/uploads\/2016\/10\/srvvu02jctbh1di9x20250414070229-768x512.jpg 768w, https:\/\/www.holligerconsult.ch\/wp-content\/uploads\/2016\/10\/srvvu02jctbh1di9x20250414070229-1536x1024.jpg 1536w, https:\/\/www.holligerconsult.ch\/wp-content\/uploads\/2016\/10\/srvvu02jctbh1di9x20250414070229.jpg 1800w\" sizes=\"(max-width: 600px) 100vw, 600px\" \/><\/div><\/a>\n\t\t\t\t<div class=\"elementor-post__text\">\n\t\t\t\t<h3 class=\"elementor-post__title\">\n\t\t\t<a href=\"https:\/\/www.holligerconsult.ch\/fr\/teams\/daniela-di-paolantonio\/\" >\n\t\t\t\tDaniela Di Paolantonio\t\t\t<\/a>\n\t\t<\/h3>\n\t\t\t\t<div class=\"elementor-post__excerpt\">\n\t\t\t<div class=\"teambox\">\n<p class=\"teamfunction\">Direction de projet s\u00e9curit\u00e9 des objets<br \/>\nExpert en protection incendie AEAI<br \/>\nMembre de la FGST<br \/>\nDirection<\/p>\n<p><\/p>\n<p>Planification de la s\u00e9curit\u00e9<br \/>\nQM, architecture<\/p>\n<\/div>\n<p><a href=\"mailto:d.dip@holligerconsult.ch\" id=\"teambutton\" class=\"elementor-button-link elementor-button elementor-size-lg\" role=\"button\">E-mail<\/a><\/p>\n\t\t<\/div>\n\t\t\t\t<\/div>\n\t\t\t\t\t<\/div>\n\t\t<\/article>\n\t\t\t\t<article class=\"elementor-post elementor-grid-item post-15213 teams type-teams status-publish format-standard has-post-thumbnail hentry teams_cat-direction\" role=\"listitem\">\n\t\t\t<div class=\"elementor-post__card\">\n\t\t\t\t<a class=\"elementor-post__thumbnail__link\" href=\"https:\/\/www.holligerconsult.ch\/fr\/teams\/markus-di-paolantonio\/\" tabindex=\"-1\" ><div class=\"elementor-post__thumbnail\"><img decoding=\"async\" width=\"600\" height=\"403\" src=\"https:\/\/www.holligerconsult.ch\/wp-content\/uploads\/2019\/09\/stpb5p5ccgcuz0eaq20250414070229-1024x688.jpg\" class=\"attachment-large size-large wp-image-26000\" alt=\"\" srcset=\"https:\/\/www.holligerconsult.ch\/wp-content\/uploads\/2019\/09\/stpb5p5ccgcuz0eaq20250414070229-1024x688.jpg 1024w, https:\/\/www.holligerconsult.ch\/wp-content\/uploads\/2019\/09\/stpb5p5ccgcuz0eaq20250414070229-300x201.jpg 300w, https:\/\/www.holligerconsult.ch\/wp-content\/uploads\/2019\/09\/stpb5p5ccgcuz0eaq20250414070229-768x516.jpg 768w, https:\/\/www.holligerconsult.ch\/wp-content\/uploads\/2019\/09\/stpb5p5ccgcuz0eaq20250414070229-1536x1031.jpg 1536w, https:\/\/www.holligerconsult.ch\/wp-content\/uploads\/2019\/09\/stpb5p5ccgcuz0eaq20250414070229.jpg 1787w\" sizes=\"(max-width: 600px) 100vw, 600px\" \/><\/div><\/a>\n\t\t\t\t<div class=\"elementor-post__text\">\n\t\t\t\t<h3 class=\"elementor-post__title\">\n\t\t\t<a href=\"https:\/\/www.holligerconsult.ch\/fr\/teams\/markus-di-paolantonio\/\" >\n\t\t\t\tMarkus Di Paolantonio\t\t\t<\/a>\n\t\t<\/h3>\n\t\t\t\t<div class=\"elementor-post__excerpt\">\n\t\t\t<div class=\"teambox\">\n<p class=\"teamfunction\">Direction<\/p>\n<p>Architecte dipl\u00f4m\u00e9 ETS<br \/>\nExpert en radon OFSP<\/p>\n<p><\/p>\n<p>Pilotage de projet \/ repr\u00e9sentation du ma\u00eetre d&#8217;ouvrage<br \/>\nPlanification de la s\u00e9curit\u00e9, \u00e9cologie \/ \u00e9nergie<\/p>\n<\/div>\n<p><a href=\"mailto:m.dip@holligerconsult.ch\" id=\"teambutton\" class=\"elementor-button-link elementor-button elementor-size-lg\" role=\"button\">E-mail<\/a><\/p>\n\t\t<\/div>\n\t\t\t\t<\/div>\n\t\t\t\t\t<\/div>\n\t\t<\/article>\n\t\t\t\t<article class=\"elementor-post elementor-grid-item post-15211 teams type-teams status-publish format-standard has-post-thumbnail hentry teams_cat-chef-de-projet-securite\" role=\"listitem\">\n\t\t\t<div class=\"elementor-post__card\">\n\t\t\t\t<a class=\"elementor-post__thumbnail__link\" href=\"https:\/\/www.holligerconsult.ch\/fr\/teams\/leandro-di-paolantonio\/\" tabindex=\"-1\" ><div class=\"elementor-post__thumbnail\"><img decoding=\"async\" width=\"600\" height=\"400\" src=\"https:\/\/www.holligerconsult.ch\/wp-content\/uploads\/2019\/11\/suqyxs5vpk7qmvhu520250421213759-1024x683.jpg\" class=\"attachment-large size-large wp-image-25997\" alt=\"\" srcset=\"https:\/\/www.holligerconsult.ch\/wp-content\/uploads\/2019\/11\/suqyxs5vpk7qmvhu520250421213759-1024x683.jpg 1024w, https:\/\/www.holligerconsult.ch\/wp-content\/uploads\/2019\/11\/suqyxs5vpk7qmvhu520250421213759-300x200.jpg 300w, https:\/\/www.holligerconsult.ch\/wp-content\/uploads\/2019\/11\/suqyxs5vpk7qmvhu520250421213759-768x512.jpg 768w, https:\/\/www.holligerconsult.ch\/wp-content\/uploads\/2019\/11\/suqyxs5vpk7qmvhu520250421213759-1536x1024.jpg 1536w, https:\/\/www.holligerconsult.ch\/wp-content\/uploads\/2019\/11\/suqyxs5vpk7qmvhu520250421213759.jpg 1800w\" sizes=\"(max-width: 600px) 100vw, 600px\" \/><\/div><\/a>\n\t\t\t\t<div class=\"elementor-post__text\">\n\t\t\t\t<h3 class=\"elementor-post__title\">\n\t\t\t<a href=\"https:\/\/www.holligerconsult.ch\/fr\/teams\/leandro-di-paolantonio\/\" >\n\t\t\t\tLeandro Di Paolantonio\t\t\t<\/a>\n\t\t<\/h3>\n\t\t\t\t<div class=\"elementor-post__excerpt\">\n\t\t\t<div class=\"teambox\">\n<p class=\"teamfunction\">Chef de projet s\u00e9curit\u00e9<\/p>\n<\/div>\n<p><a href=\"mailto:l.dip@holligerconsult.ch\" id=\"teambutton\" class=\"elementor-button-link elementor-button elementor-size-lg\" role=\"button\">E-mail<\/a><\/p>\n\t\t<\/div>\n\t\t\t\t<\/div>\n\t\t\t\t\t<\/div>\n\t\t<\/article>\n\t\t\t\t<article class=\"elementor-post elementor-grid-item post-15212 teams type-teams status-publish format-standard has-post-thumbnail hentry teams_cat-assistante-technique-comptabilite\" role=\"listitem\">\n\t\t\t<div class=\"elementor-post__card\">\n\t\t\t\t<a class=\"elementor-post__thumbnail__link\" href=\"https:\/\/www.holligerconsult.ch\/fr\/teams\/rashika-di-paolantonio\/\" tabindex=\"-1\" ><div class=\"elementor-post__thumbnail\"><img loading=\"lazy\" decoding=\"async\" width=\"600\" height=\"400\" src=\"https:\/\/www.holligerconsult.ch\/wp-content\/uploads\/2021\/04\/s32y4tqsy0js97dzq20250414073028-1024x683.jpg\" class=\"attachment-large size-large wp-image-26004\" alt=\"\" srcset=\"https:\/\/www.holligerconsult.ch\/wp-content\/uploads\/2021\/04\/s32y4tqsy0js97dzq20250414073028-1024x683.jpg 1024w, https:\/\/www.holligerconsult.ch\/wp-content\/uploads\/2021\/04\/s32y4tqsy0js97dzq20250414073028-300x200.jpg 300w, https:\/\/www.holligerconsult.ch\/wp-content\/uploads\/2021\/04\/s32y4tqsy0js97dzq20250414073028-768x512.jpg 768w, https:\/\/www.holligerconsult.ch\/wp-content\/uploads\/2021\/04\/s32y4tqsy0js97dzq20250414073028-1536x1024.jpg 1536w, https:\/\/www.holligerconsult.ch\/wp-content\/uploads\/2021\/04\/s32y4tqsy0js97dzq20250414073028.jpg 1800w\" sizes=\"(max-width: 600px) 100vw, 600px\" \/><\/div><\/a>\n\t\t\t\t<div class=\"elementor-post__text\">\n\t\t\t\t<h3 class=\"elementor-post__title\">\n\t\t\t<a href=\"https:\/\/www.holligerconsult.ch\/fr\/teams\/rashika-di-paolantonio\/\" >\n\t\t\t\tRashika Florenza Di Paolantonio\t\t\t<\/a>\n\t\t<\/h3>\n\t\t\t\t<div class=\"elementor-post__excerpt\">\n\t\t\t<div class=\"teambox\">\n<p class=\"teamfunction\">Assistante technique<br \/>\nComptabilit\u00e9<\/p>\n<\/div>\n<p><a href=\"mailto:r.dip@holligerconsult.ch\" id=\"teambutton\" class=\"elementor-button-link elementor-button elementor-size-lg\" role=\"button\">E-mail<\/a><\/p>\n\t\t<\/div>\n\t\t\t\t<\/div>\n\t\t\t\t\t<\/div>\n\t\t<\/article>\n\t\t\t\t<article class=\"elementor-post elementor-grid-item post-26033 teams type-teams status-publish format-standard has-post-thumbnail hentry teams_cat-cad-fr\" role=\"listitem\">\n\t\t\t<div class=\"elementor-post__card\">\n\t\t\t\t<a class=\"elementor-post__thumbnail__link\" href=\"https:\/\/www.holligerconsult.ch\/fr\/teams\/ana-fale\/\" tabindex=\"-1\" ><div class=\"elementor-post__thumbnail\"><img loading=\"lazy\" decoding=\"async\" width=\"600\" height=\"400\" src=\"https:\/\/www.holligerconsult.ch\/wp-content\/uploads\/2021\/04\/scocdrnfoowddal3620250414070229-1024x683.jpg\" class=\"attachment-large size-large wp-image-25995\" alt=\"\" srcset=\"https:\/\/www.holligerconsult.ch\/wp-content\/uploads\/2021\/04\/scocdrnfoowddal3620250414070229-1024x683.jpg 1024w, https:\/\/www.holligerconsult.ch\/wp-content\/uploads\/2021\/04\/scocdrnfoowddal3620250414070229-300x200.jpg 300w, https:\/\/www.holligerconsult.ch\/wp-content\/uploads\/2021\/04\/scocdrnfoowddal3620250414070229-768x512.jpg 768w, https:\/\/www.holligerconsult.ch\/wp-content\/uploads\/2021\/04\/scocdrnfoowddal3620250414070229-1536x1024.jpg 1536w, https:\/\/www.holligerconsult.ch\/wp-content\/uploads\/2021\/04\/scocdrnfoowddal3620250414070229.jpg 1800w\" sizes=\"(max-width: 600px) 100vw, 600px\" \/><\/div><\/a>\n\t\t\t\t<div class=\"elementor-post__text\">\n\t\t\t\t<h3 class=\"elementor-post__title\">\n\t\t\t<a href=\"https:\/\/www.holligerconsult.ch\/fr\/teams\/ana-fale\/\" >\n\t\t\t\tAna Fal\u00e9\t\t\t<\/a>\n\t\t<\/h3>\n\t\t\t\t<div class=\"elementor-post__excerpt\">\n\t\t\t<div class=\"teambox\">\n<p class=\"teamfunction\">Dessinateur CAD<br \/>\nSp\u00e9cialiste en protection incendie AEAI<\/p>\n<\/div>\n<p><a href=\"mailto:fale@holligerconsult.ch\" id=\"teambutton\" class=\"elementor-button-link elementor-button elementor-size-lg\" role=\"button\">E-Mail<\/a><\/p>\n\t\t<\/div>\n\t\t\t\t<\/div>\n\t\t\t\t\t<\/div>\n\t\t<\/article>\n\t\t\t\t<article class=\"elementor-post elementor-grid-item post-26034 teams type-teams status-publish format-standard has-post-thumbnail hentry teams_cat-cad-fr\" role=\"listitem\">\n\t\t\t<div class=\"elementor-post__card\">\n\t\t\t\t<a class=\"elementor-post__thumbnail__link\" href=\"https:\/\/www.holligerconsult.ch\/fr\/teams\/mikinho-adigo-2\/\" tabindex=\"-1\" ><div class=\"elementor-post__thumbnail\"><img loading=\"lazy\" decoding=\"async\" width=\"600\" height=\"400\" src=\"https:\/\/www.holligerconsult.ch\/wp-content\/uploads\/2024\/05\/szprkm9vogz14hmvp20250407203836-1024x683.jpg\" class=\"attachment-large size-large wp-image-26002\" alt=\"\" srcset=\"https:\/\/www.holligerconsult.ch\/wp-content\/uploads\/2024\/05\/szprkm9vogz14hmvp20250407203836-1024x683.jpg 1024w, https:\/\/www.holligerconsult.ch\/wp-content\/uploads\/2024\/05\/szprkm9vogz14hmvp20250407203836-300x200.jpg 300w, https:\/\/www.holligerconsult.ch\/wp-content\/uploads\/2024\/05\/szprkm9vogz14hmvp20250407203836-768x512.jpg 768w, https:\/\/www.holligerconsult.ch\/wp-content\/uploads\/2024\/05\/szprkm9vogz14hmvp20250407203836-1536x1024.jpg 1536w, https:\/\/www.holligerconsult.ch\/wp-content\/uploads\/2024\/05\/szprkm9vogz14hmvp20250407203836.jpg 1800w\" sizes=\"(max-width: 600px) 100vw, 600px\" \/><\/div><\/a>\n\t\t\t\t<div class=\"elementor-post__text\">\n\t\t\t\t<h3 class=\"elementor-post__title\">\n\t\t\t<a href=\"https:\/\/www.holligerconsult.ch\/fr\/teams\/mikinho-adigo-2\/\" >\n\t\t\t\tMikinho Adigo\t\t\t<\/a>\n\t\t<\/h3>\n\t\t\t\t<div class=\"elementor-post__excerpt\">\n\t\t\t<div class=\"teambox\">\n<p class=\"teamfunction\">Dessinatrice CAD<br \/>Sp\u00e9cialiste en protection incendie AEAI<\/p>\n<p>\n<\/div>\n<p><a href=\"mailto:adigo@holligerconsult.ch\" id=\"teambutton\" class=\"elementor-button-link elementor-button elementor-size-lg\" role=\"button\">E-Mail<\/a><\/p>\n\t\t<\/div>\n\t\t\t\t<\/div>\n\t\t\t\t\t<\/div>\n\t\t<\/article>\n\t\t\t\t<\/div>\n\t\t\n\t\t\t\t\t\t<\/div>\n\t\t\t\t<\/div>\n\t\t\t\t\t<\/div>\n\t\t<\/div>\n\t\t\t\t\t<\/div>\n\t\t<\/section>\n\t\t\t\t<\/div>\n\t\t","protected":false},"excerpt":{"rendered":"<p>avec expertise et exp\u00e9rience ENTREPRISE Notre \u00e9quipe Des conseillers de projet enthousiastes &#8211; avec des connaissances sp\u00e9cialis\u00e9es et de l&#8217;exp\u00e9rience<\/p>\n","protected":false},"author":8,"featured_media":0,"parent":0,"menu_order":0,"comment_status":"closed","ping_status":"closed","template":"elementor_header_footer","meta":{"_acf_changed":false,"inline_featured_image":false,"footnotes":""},"class_list":["post-13127","page","type-page","status-publish","hentry"],"acf":[],"post_type":"page","author_name":"Holliger Consult","_links":{"self":[{"href":"https:\/\/www.holligerconsult.ch\/fr\/wp-json\/wp\/v2\/pages\/13127","targetHints":{"allow":["GET"]}}],"collection":[{"href":"https:\/\/www.holligerconsult.ch\/fr\/wp-json\/wp\/v2\/pages"}],"about":[{"href":"https:\/\/www.holligerconsult.ch\/fr\/wp-json\/wp\/v2\/types\/page"}],"author":[{"embeddable":true,"href":"https:\/\/www.holligerconsult.ch\/fr\/wp-json\/wp\/v2\/users\/8"}],"replies":[{"embeddable":true,"href":"https:\/\/www.holligerconsult.ch\/fr\/wp-json\/wp\/v2\/comments?post=13127"}],"version-history":[{"count":0,"href":"https:\/\/www.holligerconsult.ch\/fr\/wp-json\/wp\/v2\/pages\/13127\/revisions"}],"wp:attachment":[{"href":"https:\/\/www.holligerconsult.ch\/fr\/wp-json\/wp\/v2\/media?parent=13127"}],"curies":[{"name":"wp","href":"https:\/\/api.w.org\/{rel}","templated":true}]}}